{"id":82,"date":"2021-02-20T02:32:49","date_gmt":"2021-02-20T02:32:49","guid":{"rendered":"https:\/\/2-7teatro.com\/?page_id=82"},"modified":"2024-04-09T13:45:38","modified_gmt":"2024-04-09T13:45:38","slug":"epieikeia","status":"publish","type":"page","link":"https:\/\/2-7teatro.com\/index.php\/epieikeia\/","title":{"rendered":"EPIEIKEIA"},"content":{"rendered":"<p><iframe loading=\"lazy\" width=\"560\" height=\"315\" src=\"https:\/\/www.youtube.com\/embed\/enPTtKIkxno?start=2\" frameborder=\"0\" allow=\"accelerometer; autoplay; clipboard-write; encrypted-media; gyroscope; picture-in-picture\" allowfullscreen=\"\"><\/iframe><\/p>\n\n\n<figure class=\"wp-block-image aligncenter size-large is-resized\"><\/figure>\n\n\n<div class=\"wp-block-media-text alignwide is-stacked-on-mobile\" style=\"grid-template-columns:52% auto\"><figure class=\"wp-block-media-text__media\"><img loading=\"lazy\" decoding=\"async\" width=\"1024\" height=\"717\" src=\"https:\/\/2-7teatro.com\/wp-content\/uploads\/2021\/02\/DSC_0083-1024x717.jpg\" alt=\"\" class=\"wp-image-374 size-full\" srcset=\"https:\/\/2-7teatro.com\/wp-content\/uploads\/2021\/02\/DSC_0083-1024x717.jpg 1024w, https:\/\/2-7teatro.com\/wp-content\/uploads\/2021\/02\/DSC_0083-300x210.jpg 300w, https:\/\/2-7teatro.com\/wp-content\/uploads\/2021\/02\/DSC_0083-768x537.jpg 768w, https:\/\/2-7teatro.com\/wp-content\/uploads\/2021\/02\/DSC_0083-1536x1075.jpg 1536w, https:\/\/2-7teatro.com\/wp-content\/uploads\/2021\/02\/DSC_0083-2048x1433.jpg 2048w\" sizes=\"auto, (max-width: 1024px) 100vw, 1024px\" \/><\/figure><div class=\"wp-block-media-text__content\">\n<p class=\"has-black-color has-white-background-color has-text-color has-background\" style=\"font-size:19px\">Epieikeia, es un t\u00e9rmino griego de donde proviene la palabra equidad. Con una voz que va a los or\u00edgenes de nuestro idioma, la obra discursa sobre el (des) encuentro entre lo femenino y lo masculino.<\/p>\n<\/div><\/div>\n\n\n\n<p class=\"has-text-align-center has-white-color has-text-color has-background\" style=\"background-color:#af0e16\">Obra creada para el primer festival cultural de la fundaci\u00f3n Youth for Gender Equality de ONU Mujeres.<\/p>\n\n\n\n<div class=\"wp-block-media-text alignwide has-media-on-the-right is-stacked-on-mobile\" style=\"grid-template-columns:auto 42%\"><div class=\"wp-block-media-text__content\">\n<p class=\"has-black-color has-white-background-color has-text-color has-background\" style=\"font-size:17px\">Dos cuerpos sin nombre, sin especificidad, sin rostro, son definidos como sujeto masculino y femenino. Una relaci\u00f3n entre hombre y mujer que se encuentran, se reconocen, se seducen y en la cercan\u00eda ven emerger sus conflictos que aparecen al reconocer que no somos iguales.  La violencia legitima los conflictos, si cada uno es roca para el otro. Pero hay entre los personajes m\u00e1s que solo lucha. En la b\u00fasqueda de s\u00ed mismos, \u00c9l y Ella deber\u00e1n reconocerse frente al otro, pero tambi\u00e9n en el otro.<\/p>\n<\/div><figure class=\"wp-block-media-text__media\"><img loading=\"lazy\" decoding=\"async\" width=\"960\" height=\"640\" src=\"https:\/\/2-7teatro.com\/wp-content\/uploads\/2021\/02\/23561612_1731002770277176_8487695234579649869_n-1.jpg\" alt=\"\" class=\"wp-image-377 size-full\" srcset=\"https:\/\/2-7teatro.com\/wp-content\/uploads\/2021\/02\/23561612_1731002770277176_8487695234579649869_n-1.jpg 960w, https:\/\/2-7teatro.com\/wp-content\/uploads\/2021\/02\/23561612_1731002770277176_8487695234579649869_n-1-300x200.jpg 300w, https:\/\/2-7teatro.com\/wp-content\/uploads\/2021\/02\/23561612_1731002770277176_8487695234579649869_n-1-768x512.jpg 768w\" sizes=\"auto, (max-width: 960px) 100vw, 960px\" \/><\/figure><\/div>\n\n\n\n<div class=\"wp-block-media-text alignwide is-stacked-on-mobile\"><figure class=\"wp-block-media-text__media\"><img loading=\"lazy\" decoding=\"async\" width=\"960\" height=\"640\" src=\"https:\/\/2-7teatro.com\/wp-content\/uploads\/2021\/02\/22730157_1706830249361095_5709102576441778553_n-1.jpg\" alt=\"\" class=\"wp-image-375 size-full\" srcset=\"https:\/\/2-7teatro.com\/wp-content\/uploads\/2021\/02\/22730157_1706830249361095_5709102576441778553_n-1.jpg 960w, https:\/\/2-7teatro.com\/wp-content\/uploads\/2021\/02\/22730157_1706830249361095_5709102576441778553_n-1-300x200.jpg 300w, https:\/\/2-7teatro.com\/wp-content\/uploads\/2021\/02\/22730157_1706830249361095_5709102576441778553_n-1-768x512.jpg 768w\" sizes=\"auto, (max-width: 960px) 100vw, 960px\" \/><\/figure><div class=\"wp-block-media-text__content\">\n<p class=\"has-black-color has-white-background-color has-text-color has-background\" style=\"font-size:20px\">En Epieikeia el performance es un juego y no la vida, por eso su representaci\u00f3n crea un espacio que repensamos y deconstru\u00edmos, junto al disfrute de la experiencia est\u00e9tica que propicia esta obra de teatro f\u00edsico.<\/p>\n<\/div><\/div>\n\n\n\n<figure class=\"wp-block-image size-full\"><img loading=\"lazy\" decoding=\"async\" width=\"960\" height=\"640\" src=\"https:\/\/2-7teatro.com\/wp-content\/uploads\/2024\/04\/EPIEIKEIA.jpg\" alt=\"\" class=\"wp-image-595\" srcset=\"https:\/\/2-7teatro.com\/wp-content\/uploads\/2024\/04\/EPIEIKEIA.jpg 960w, https:\/\/2-7teatro.com\/wp-content\/uploads\/2024\/04\/EPIEIKEIA-300x200.jpg 300w, https:\/\/2-7teatro.com\/wp-content\/uploads\/2024\/04\/EPIEIKEIA-768x512.jpg 768w\" sizes=\"auto, (max-width: 960px) 100vw, 960px\" \/><\/figure>\n\n\n\n<div class=\"wp-block-media-text alignwide has-media-on-the-right is-stacked-on-mobile\" style=\"grid-template-columns:auto 49%\"><div class=\"wp-block-media-text__content\">\n<p class=\"has-black-color has-white-background-color has-text-color has-background\" style=\"font-size:20px\">Pensada para ser presentada en espacios urbanos, EPIEIKEIA, con su intervenci\u00f3n, trastoca el paisaje cotidiano y esa es la primera provocaci\u00f3n para el caminante, convertido en espectador, y para la ciudad,  devenida escenario.<\/p>\n<\/div><figure class=\"wp-block-media-text__media\"><img loading=\"lazy\" decoding=\"async\" width=\"1024\" height=\"651\" src=\"https:\/\/2-7teatro.com\/wp-content\/uploads\/2024\/04\/Leonardo-Stiglitz_EPIEIKEIA_Circuito-5_Zacatecas-4-1024x651.jpg\" alt=\"\" class=\"wp-image-590 size-full\" srcset=\"https:\/\/2-7teatro.com\/wp-content\/uploads\/2024\/04\/Leonardo-Stiglitz_EPIEIKEIA_Circuito-5_Zacatecas-4-1024x651.jpg 1024w, https:\/\/2-7teatro.com\/wp-content\/uploads\/2024\/04\/Leonardo-Stiglitz_EPIEIKEIA_Circuito-5_Zacatecas-4-300x191.jpg 300w, https:\/\/2-7teatro.com\/wp-content\/uploads\/2024\/04\/Leonardo-Stiglitz_EPIEIKEIA_Circuito-5_Zacatecas-4-768x489.jpg 768w, https:\/\/2-7teatro.com\/wp-content\/uploads\/2024\/04\/Leonardo-Stiglitz_EPIEIKEIA_Circuito-5_Zacatecas-4-1536x977.jpg 1536w, https:\/\/2-7teatro.com\/wp-content\/uploads\/2024\/04\/Leonardo-Stiglitz_EPIEIKEIA_Circuito-5_Zacatecas-4.jpg 1572w\" sizes=\"auto, (max-width: 1024px) 100vw, 1024px\" \/><\/figure><\/div>\n\n\n\n<p class=\"has-text-align-center has-white-color has-text-color has-background\" style=\"background-color:#b8050e\">Epieikeia fue acreedora al primer premio de la Muestra Estatal de Teatro Zacatecas 2018 y represent\u00f3 al estado en la Muestra Regional Centro- Occidente.<\/p>\n\n\n<div class=\"wp-block-image\">\n<figure class=\"aligncenter size-large is-resized\"><img loading=\"lazy\" decoding=\"async\" width=\"1024\" height=\"705\" src=\"https:\/\/2-7teatro.com\/wp-content\/uploads\/2021\/02\/DSC_0102-1-1024x705.jpg\" alt=\"\" class=\"wp-image-405\" style=\"width:590px;height:406px\" srcset=\"https:\/\/2-7teatro.com\/wp-content\/uploads\/2021\/02\/DSC_0102-1-1024x705.jpg 1024w, https:\/\/2-7teatro.com\/wp-content\/uploads\/2021\/02\/DSC_0102-1-300x207.jpg 300w, https:\/\/2-7teatro.com\/wp-content\/uploads\/2021\/02\/DSC_0102-1-768x529.jpg 768w, https:\/\/2-7teatro.com\/wp-content\/uploads\/2021\/02\/DSC_0102-1-1536x1058.jpg 1536w, https:\/\/2-7teatro.com\/wp-content\/uploads\/2021\/02\/DSC_0102-1-2048x1410.jpg 2048w\" sizes=\"auto, (max-width: 1024px) 100vw, 1024px\" \/><\/figure>\n<\/div>\n\n\n<p class=\"has-black-color has-white-background-color has-text-color has-background\">Esta puesta en escena se encuentra disponible para presentaciones en vivo y formato digital.<\/p>\n\n\n\n<p class=\"has-black-color has-white-background-color has-text-color has-background\">Para mayor informaci\u00f3n sobre disponibilidad y costos nos ponemos a tus \u00f3rdenes en el correo contacto@2-7teatro.com.<\/p>\n<!-- AddThis Advanced Settings generic via filter on the_content -->","protected":false},"excerpt":{"rendered":"<p>Epieikeia, es un t\u00e9rmino griego de donde proviene la palabra equidad. Con una voz que va a los or\u00edgenes de<\/p>\n<p><a href=\"https:\/\/2-7teatro.com\/index.php\/epieikeia\/\" class=\"more-link\">Continue reading<span class=\"screen-reader-text\">EPIEIKEIA<\/span><\/a><\/p>\n<p><!-- AddThis Advanced Settings generic via filter on get_the_excerpt --><\/p>\n","protected":false},"author":2,"featured_media":0,"parent":0,"menu_order":0,"comment_status":"closed","ping_status":"closed","template":"","meta":{"footnotes":""},"class_list":["post-82","page","type-page","status-publish","hentry"],"_links":{"self":[{"href":"https:\/\/2-7teatro.com\/index.php\/wp-json\/wp\/v2\/pages\/82","targetHints":{"allow":["GET"]}}],"collection":[{"href":"https:\/\/2-7teatro.com\/index.php\/wp-json\/wp\/v2\/pages"}],"about":[{"href":"https:\/\/2-7teatro.com\/index.php\/wp-json\/wp\/v2\/types\/page"}],"author":[{"embeddable":true,"href":"https:\/\/2-7teatro.com\/index.php\/wp-json\/wp\/v2\/users\/2"}],"replies":[{"embeddable":true,"href":"https:\/\/2-7teatro.com\/index.php\/wp-json\/wp\/v2\/comments?post=82"}],"version-history":[{"count":17,"href":"https:\/\/2-7teatro.com\/index.php\/wp-json\/wp\/v2\/pages\/82\/revisions"}],"predecessor-version":[{"id":596,"href":"https:\/\/2-7teatro.com\/index.php\/wp-json\/wp\/v2\/pages\/82\/revisions\/596"}],"wp:attachment":[{"href":"https:\/\/2-7teatro.com\/index.php\/wp-json\/wp\/v2\/media?parent=82"}],"curies":[{"name":"wp","href":"https:\/\/api.w.org\/{rel}","templated":true}]}}