{"id":805,"date":"2024-06-05T16:06:15","date_gmt":"2024-06-05T16:06:15","guid":{"rendered":"https:\/\/2-7teatro.com\/?page_id=805"},"modified":"2024-06-05T16:06:16","modified_gmt":"2024-06-05T16:06:16","slug":"marissa-valenciana","status":"publish","type":"page","link":"https:\/\/2-7teatro.com\/index.php\/marissa-valenciana\/","title":{"rendered":"Marissa Valenciana"},"content":{"rendered":"\n<div class=\"wp-block-media-text alignwide is-stacked-on-mobile is-vertically-aligned-center\" style=\"grid-template-columns:25% auto\"><figure class=\"wp-block-media-text__media\"><img loading=\"lazy\" decoding=\"async\" width=\"683\" height=\"1024\" src=\"https:\/\/2-7teatro.com\/wp-content\/uploads\/2024\/04\/IMG_6540-683x1024.jpg\" alt=\"\" class=\"wp-image-638 size-full\" srcset=\"https:\/\/2-7teatro.com\/wp-content\/uploads\/2024\/04\/IMG_6540-683x1024.jpg 683w, https:\/\/2-7teatro.com\/wp-content\/uploads\/2024\/04\/IMG_6540-200x300.jpg 200w, https:\/\/2-7teatro.com\/wp-content\/uploads\/2024\/04\/IMG_6540-768x1152.jpg 768w, https:\/\/2-7teatro.com\/wp-content\/uploads\/2024\/04\/IMG_6540-1024x1536.jpg 1024w, https:\/\/2-7teatro.com\/wp-content\/uploads\/2024\/04\/IMG_6540-1365x2048.jpg 1365w, https:\/\/2-7teatro.com\/wp-content\/uploads\/2024\/04\/IMG_6540-scaled.jpg 1707w\" sizes=\"auto, (max-width: 683px) 100vw, 683px\" \/><\/figure><div class=\"wp-block-media-text__content\">\n<p class=\"has-white-color has-text-color has-link-color wp-elements-3aa13d0011271741bbd10e9c2b2406ab\">Egresada de la Licenciatura en Artes con orientaci\u00f3n en Educaci\u00f3n Art\u00edstica de la Universidad Aut\u00f3noma de Zacatecas. Colabor\u00f3 como t\u00e9cnico auxiliar en taller de museo grabado del museo abstracto &#8220;Manuel Felguerez&#8221;. Desarrolla proyectos art\u00edsticos y talleres de artes pl\u00e1sticas para ni\u00f1os de estimulaci\u00f3n de la creatividad e introducci\u00f3n a la gr\u00e1fica. Desde 2018 colabora con la compa\u00f1\u00eda 2\/7 Teatro como t\u00e9cnico de iluminaci\u00f3n y sonido.<\/p>\n\n\n\n<p class=\"has-white-color has-text-color has-link-color wp-elements-c645e628e62f8fbab9d9726851472d16\"><\/p>\n<\/div><\/div>\n<!-- AddThis Advanced Settings generic via filter on the_content -->","protected":false},"excerpt":{"rendered":"<p>Egresada de la Licenciatura en Artes con orientaci\u00f3n en Educaci\u00f3n Art\u00edstica de la Universidad Aut\u00f3noma de Zacatecas. Colabor\u00f3 como t\u00e9cnico<\/p>\n<p><a href=\"https:\/\/2-7teatro.com\/index.php\/marissa-valenciana\/\" class=\"more-link\">Continue reading<span class=\"screen-reader-text\">Marissa Valenciana<\/span><\/a><\/p>\n<p><!-- AddThis Advanced Settings generic via filter on get_the_excerpt --><\/p>\n","protected":false},"author":2,"featured_media":0,"parent":0,"menu_order":0,"comment_status":"closed","ping_status":"closed","template":"","meta":{"footnotes":""},"class_list":["post-805","page","type-page","status-publish","hentry"],"_links":{"self":[{"href":"https:\/\/2-7teatro.com\/index.php\/wp-json\/wp\/v2\/pages\/805","targetHints":{"allow":["GET"]}}],"collection":[{"href":"https:\/\/2-7teatro.com\/index.php\/wp-json\/wp\/v2\/pages"}],"about":[{"href":"https:\/\/2-7teatro.com\/index.php\/wp-json\/wp\/v2\/types\/page"}],"author":[{"embeddable":true,"href":"https:\/\/2-7teatro.com\/index.php\/wp-json\/wp\/v2\/users\/2"}],"replies":[{"embeddable":true,"href":"https:\/\/2-7teatro.com\/index.php\/wp-json\/wp\/v2\/comments?post=805"}],"version-history":[{"count":1,"href":"https:\/\/2-7teatro.com\/index.php\/wp-json\/wp\/v2\/pages\/805\/revisions"}],"predecessor-version":[{"id":806,"href":"https:\/\/2-7teatro.com\/index.php\/wp-json\/wp\/v2\/pages\/805\/revisions\/806"}],"wp:attachment":[{"href":"https:\/\/2-7teatro.com\/index.php\/wp-json\/wp\/v2\/media?parent=805"}],"curies":[{"name":"wp","href":"https:\/\/api.w.org\/{rel}","templated":true}]}}