{"id":79,"date":"2021-02-20T02:31:27","date_gmt":"2021-02-20T02:31:27","guid":{"rendered":"https:\/\/2-7teatro.com\/?page_id=79"},"modified":"2024-07-10T14:55:37","modified_gmt":"2024-07-10T14:55:37","slug":"ukelele","status":"publish","type":"page","link":"https:\/\/2-7teatro.com\/index.php\/ukelele\/","title":{"rendered":"Ukelele"},"content":{"rendered":"\n<p class=\"has-text-align-center\"><\/p>\n\n\n\n\t\t<!-- MasterSlider -->\n\t\t<div id=\"P_MS69f0efefdc20e\" class=\"master-slider-parent msl ms-parent-id-5\" style=\"max-width:1000px;\"  >\n\n\t\t\t\n\t\t\t<!-- MasterSlider Main -->\n\t\t\t<div id=\"MS69f0efefdc20e\" class=\"master-slider ms-skin-default\" >\n\t\t\t\t \t\t\t\t \n\t\t\t\t<div  class=\"ms-slide\" data-delay=\"2\" data-fill-mode=\"fit\"  >\n\t\t\t\t\t<img decoding=\"async\" src=\"https:\/\/2-7teatro.com\/wp-content\/plugins\/master-slider\/public\/assets\/css\/blank.gif\" alt=\"\" title=\"\" data-src=\"https:\/\/2-7teatro.com\/wp-content\/uploads\/2021\/02\/u-scaled.jpg\" \/>\n\n\n\t<div class=\"ms-thumb\" ><div class=\"ms-tab-context\"><div class=&quot;ms-tab-context&quot;><\/div><\/div>\n<\/div>\n\t\t\t\t<\/div>\n\t\t\t\t<div  class=\"ms-slide\" data-delay=\"2\" data-fill-mode=\"fit\"  >\n\t\t\t\t\t<img decoding=\"async\" src=\"https:\/\/2-7teatro.com\/wp-content\/plugins\/master-slider\/public\/assets\/css\/blank.gif\" alt=\"\" title=\"\" data-src=\"https:\/\/2-7teatro.com\/wp-content\/uploads\/2021\/02\/Captura-de-pantalla-de-2021-02-20-21-57-46.png\" \/>\n\n\n\t<div class=\"ms-thumb\" ><div class=\"ms-tab-context\"><div class=&quot;ms-tab-context&quot;><\/div><\/div>\n<\/div>\n\t\t\t\t<\/div>\n\t\t\t\t<div  class=\"ms-slide\" data-delay=\"2\" data-fill-mode=\"fit\"  >\n\t\t\t\t\t<img decoding=\"async\" src=\"https:\/\/2-7teatro.com\/wp-content\/plugins\/master-slider\/public\/assets\/css\/blank.gif\" alt=\"\" title=\"\" data-src=\"https:\/\/2-7teatro.com\/wp-content\/uploads\/2021\/02\/Captura-de-pantalla-de-2021-02-20-22-01-09.png\" \/>\n\n\n\t<div class=\"ms-thumb\" ><div class=\"ms-tab-context\"><div class=&quot;ms-tab-context&quot;><\/div><\/div>\n<\/div>\n\t\t\t\t<\/div>\n\t\t\t\t<div  class=\"ms-slide\" data-delay=\"2\" data-fill-mode=\"fit\"  >\n\t\t\t\t\t<img decoding=\"async\" src=\"https:\/\/2-7teatro.com\/wp-content\/plugins\/master-slider\/public\/assets\/css\/blank.gif\" alt=\"\" title=\"\" data-src=\"https:\/\/2-7teatro.com\/wp-content\/uploads\/2021\/02\/Captura-de-pantalla-de-2021-02-20-22-01-35.png\" \/>\n\n\n\t<div class=\"ms-thumb\" ><div class=\"ms-tab-context\"><div class=&quot;ms-tab-context&quot;><\/div><\/div>\n<\/div>\n\t\t\t\t<\/div>\n\t\t\t\t<div  class=\"ms-slide\" data-delay=\"2\" data-fill-mode=\"fit\"  >\n\t\t\t\t\t<img decoding=\"async\" src=\"https:\/\/2-7teatro.com\/wp-content\/plugins\/master-slider\/public\/assets\/css\/blank.gif\" alt=\"\" title=\"\" data-src=\"https:\/\/2-7teatro.com\/wp-content\/uploads\/2021\/02\/Captura-de-pantalla-de-2021-02-20-22-02-08.png\" \/>\n\n\n\t<div class=\"ms-thumb\" ><div class=\"ms-tab-context\"><div class=&quot;ms-tab-context&quot;><\/div><\/div>\n<\/div>\n\t\t\t\t<\/div>\n\t\t\t\t<div  class=\"ms-slide\" data-delay=\"2\" data-fill-mode=\"fit\"  >\n\t\t\t\t\t<img decoding=\"async\" src=\"https:\/\/2-7teatro.com\/wp-content\/plugins\/master-slider\/public\/assets\/css\/blank.gif\" alt=\"\" title=\"\" data-src=\"https:\/\/2-7teatro.com\/wp-content\/uploads\/2021\/02\/Ukelele-scaled.jpg\" \/>\n\n\n\t<div class=\"ms-thumb\" ><div class=\"ms-tab-context\"><div class=&quot;ms-tab-context&quot;><\/div><\/div>\n<\/div>\n\t\t\t\t<\/div>\n\n\t\t\t<\/div>\n\t\t\t<!-- END MasterSlider Main -->\n\n\t\t\t \n\t\t<\/div>\n\t\t<!-- END MasterSlider -->\n\n\t\t<script>\n\t\t(function ( $ ) {\n\t\t\t\"use strict\";\n\n\t\t\t$(function () {\n\t\t\t\tvar masterslider_c20e = new MasterSlider();\n\n\t\t\t\t\/\/ slider controls\n\t\t\t\tmasterslider_c20e.control('arrows'     ,{ autohide:true, overVideo:true  });\n\t\t\t\t\/\/ slider setup\n\t\t\t\tmasterslider_c20e.setup(\"MS69f0efefdc20e\", {\n\t\t\t\t\t\twidth           : 1000,\n\t\t\t\t\t\theight          : 500,\n\t\t\t\t\t\tminHeight       : 0,\n\t\t\t\t\t\tspace           : 0,\n\t\t\t\t\t\tstart           : 1,\n\t\t\t\t\t\tgrabCursor      : true,\n\t\t\t\t\t\tswipe           : true,\n\t\t\t\t\t\tmouse           : true,\n\t\t\t\t\t\tlayout          : \"boxed\",\n\t\t\t\t\t\twheel           : false,\n\t\t\t\t\t\tautoplay        : true,\n\t\t\t\t\t\tinstantStartLayers:false,\n\t\t\t\t\t\tloop            : true,\n\t\t\t\t\t\tshuffle         : false,\n\t\t\t\t\t\tpreload         : 0,\n\t\t\t\t\t\theightLimit     : true,\n\t\t\t\t\t\tautoHeight      : false,\n\t\t\t\t\t\tsmoothHeight    : true,\n\t\t\t\t\t\tendPause        : false,\n\t\t\t\t\t\toverPause       : true,\n\t\t\t\t\t\tfillMode        : \"fill\",\n\t\t\t\t\t\tcenterControls  : true,\n\t\t\t\t\t\tstartOnAppear   : false,\n\t\t\t\t\t\tlayersMode      : \"center\",\n\t\t\t\t\t\thideLayers      : false,\n\t\t\t\t\t\tfullscreenMargin: 0,\n\t\t\t\t\t\tspeed           : 20,\n\t\t\t\t\t\tdir             : \"h\",\n\t\t\t\t\t\tparallaxMode    : 'swipe',\n\t\t\t\t\t\tview            : \"basic\"\n\t\t\t\t});\n\n\t\t\t\t\n\t\t\t\twindow.masterslider_instances = window.masterslider_instances || [];\n\t\t\t\twindow.masterslider_instances.push( masterslider_c20e );\n\t\t\t });\n\n\t\t})(jQuery);\n\t\t<\/script>\n\n\n\n\n\n<p><\/p>\n\n\n\n<h2 class=\"wp-block-heading has-white-color has-text-color\">Metodolog\u00eda<\/h2>\n\n\n\n<ul id=\"block-53def58c-2b8c-4f84-8694-69c0fa3a6ea9\" class=\"has-white-color has-text-color wp-block-list\">\n<li>Clases personalizadas<\/li>\n\n\n\n<li>Sesiones individuales de 1 hora<\/li>\n\n\n\n<li>Dos sesiones semanales<\/li>\n<\/ul>\n\n\n\n<p><\/p>\n\n\n\n<div class=\"wp-block-media-text alignwide is-stacked-on-mobile\" style=\"grid-template-columns:21% auto\"><figure class=\"wp-block-media-text__media\"><a href=\"https:\/\/2-7teatro.com\/index.php\/cristina-silva\/\"><img loading=\"lazy\" decoding=\"async\" width=\"683\" height=\"1024\" src=\"https:\/\/2-7teatro.com\/wp-content\/uploads\/2024\/04\/IMG_6560-683x1024.jpg\" alt=\"\" class=\"wp-image-621 size-full\" srcset=\"https:\/\/2-7teatro.com\/wp-content\/uploads\/2024\/04\/IMG_6560-683x1024.jpg 683w, https:\/\/2-7teatro.com\/wp-content\/uploads\/2024\/04\/IMG_6560-200x300.jpg 200w, https:\/\/2-7teatro.com\/wp-content\/uploads\/2024\/04\/IMG_6560-768x1152.jpg 768w, https:\/\/2-7teatro.com\/wp-content\/uploads\/2024\/04\/IMG_6560-1024x1536.jpg 1024w, https:\/\/2-7teatro.com\/wp-content\/uploads\/2024\/04\/IMG_6560-1365x2048.jpg 1365w, https:\/\/2-7teatro.com\/wp-content\/uploads\/2024\/04\/IMG_6560-scaled.jpg 1707w\" sizes=\"auto, (max-width: 683px) 100vw, 683px\" \/><\/a><\/figure><div class=\"wp-block-media-text__content\">\n<p class=\"has-white-color has-text-color has-large-font-size\">Cristina Silva- Profesora<\/p>\n<\/div><\/div>\n\n\n\n<p>Para m\u00e1s informaci\u00f3n escr\u00edbenos a\u00a0<a href=\"mailto:2.7teatro@gmail.com\">2.7teatro@gmail.com<\/a><\/p>\n<!-- AddThis Advanced Settings generic via filter on the_content -->","protected":false},"excerpt":{"rendered":"<p>Metodolog\u00eda Cristina Silva- Profesora Para m\u00e1s informaci\u00f3n escr\u00edbenos a\u00a02.7teatro@gmail.com<!-- AddThis Advanced Settings generic via filter on get_the_excerpt --><\/p>\n","protected":false},"author":2,"featured_media":0,"parent":0,"menu_order":0,"comment_status":"closed","ping_status":"closed","template":"","meta":{"footnotes":""},"class_list":["post-79","page","type-page","status-publish","hentry"],"_links":{"self":[{"href":"https:\/\/2-7teatro.com\/index.php\/wp-json\/wp\/v2\/pages\/79","targetHints":{"allow":["GET"]}}],"collection":[{"href":"https:\/\/2-7teatro.com\/index.php\/wp-json\/wp\/v2\/pages"}],"about":[{"href":"https:\/\/2-7teatro.com\/index.php\/wp-json\/wp\/v2\/types\/page"}],"author":[{"embeddable":true,"href":"https:\/\/2-7teatro.com\/index.php\/wp-json\/wp\/v2\/users\/2"}],"replies":[{"embeddable":true,"href":"https:\/\/2-7teatro.com\/index.php\/wp-json\/wp\/v2\/comments?post=79"}],"version-history":[{"count":5,"href":"https:\/\/2-7teatro.com\/index.php\/wp-json\/wp\/v2\/pages\/79\/revisions"}],"predecessor-version":[{"id":855,"href":"https:\/\/2-7teatro.com\/index.php\/wp-json\/wp\/v2\/pages\/79\/revisions\/855"}],"wp:attachment":[{"href":"https:\/\/2-7teatro.com\/index.php\/wp-json\/wp\/v2\/media?parent=79"}],"curies":[{"name":"wp","href":"https:\/\/api.w.org\/{rel}","templated":true}]}}