{"id":607,"date":"2024-04-10T15:52:47","date_gmt":"2024-04-10T15:52:47","guid":{"rendered":"https:\/\/2-7teatro.com\/?page_id=607"},"modified":"2024-07-03T13:33:03","modified_gmt":"2024-07-03T13:33:03","slug":"andar-con-los-pies-sueltos","status":"publish","type":"page","link":"https:\/\/2-7teatro.com\/index.php\/andar-con-los-pies-sueltos\/","title":{"rendered":"Andar con los pies sueltos"},"content":{"rendered":"\n<p class=\"has-white-color has-text-color has-link-color wp-elements-ae7fa355ffa49134abb354d0429059af\">De Diana Anaid Vasquez y Selene Silva<\/p>\n\n\n\n<figure class=\"wp-block-embed is-type-video is-provider-youtube wp-block-embed-youtube wp-embed-aspect-16-9 wp-has-aspect-ratio\"><div class=\"wp-block-embed__wrapper\">\n<iframe loading=\"lazy\" title=\"Teaser &quot;Andar con los pies sueltos&quot;\" width=\"920\" height=\"518\" src=\"https:\/\/www.youtube.com\/embed\/sQ5tgIG5NVA?feature=oembed\" frameborder=\"0\" allow=\"accelerometer; autoplay; clipboard-write; encrypted-media; gyroscope; picture-in-picture; web-share\" referrerpolicy=\"strict-origin-when-cross-origin\" allowfullscreen><\/iframe>\n<\/div><\/figure>\n\n\n\n<h2 class=\"wp-block-heading\"><\/h2>\n\n\n\n<div class=\"wp-block-media-text is-stacked-on-mobile\"><figure class=\"wp-block-media-text__media\"><img loading=\"lazy\" decoding=\"async\" width=\"683\" height=\"1024\" src=\"https:\/\/2-7teatro.com\/wp-content\/uploads\/2024\/04\/DSC07132-683x1024.jpg\" alt=\"\" class=\"wp-image-570 size-full\" srcset=\"https:\/\/2-7teatro.com\/wp-content\/uploads\/2024\/04\/DSC07132-683x1024.jpg 683w, https:\/\/2-7teatro.com\/wp-content\/uploads\/2024\/04\/DSC07132-200x300.jpg 200w, https:\/\/2-7teatro.com\/wp-content\/uploads\/2024\/04\/DSC07132-768x1152.jpg 768w, https:\/\/2-7teatro.com\/wp-content\/uploads\/2024\/04\/DSC07132-1024x1536.jpg 1024w, https:\/\/2-7teatro.com\/wp-content\/uploads\/2024\/04\/DSC07132-1365x2048.jpg 1365w, https:\/\/2-7teatro.com\/wp-content\/uploads\/2024\/04\/DSC07132-scaled.jpg 1707w\" sizes=\"auto, (max-width: 683px) 100vw, 683px\" \/><\/figure><div class=\"wp-block-media-text__content\">\n<h2 class=\"wp-block-heading\">Sinopsis<\/h2>\n\n\n\n<p class=\"has-black-color has-blush-light-purple-gradient-background has-text-color has-background has-link-color wp-elements-ce17b77a3d2e260113dc2d7421e634e7\">Andar con los pies sueltos, es un espect\u00e1culo teatral unipersonal e interdisciplinario donde el personaje de Elena, se adentra en la historia \u00edntima de las mujeres de su familia para re-construirse. La obra es un viaje lleno de valent\u00eda, amor y rebeld\u00eda, donde cada paso es una afirmaci\u00f3n de identidad.<\/p>\n<\/div><\/div>\n\n\n\n<p class=\"has-black-color has-white-background-color has-text-color has-background has-link-color wp-elements-ba186db1a624d27369fc09bc79cb838e\">El texto original de Diana Anaid V\u00e1zques escrito a partir de la idea original de Selene Silva en cuya puesta en escena se combinan diferentes disciplinas art\u00edsticas como la danza, el mimo, el video y cuenta con m\u00fasica original escrita por Cristina Silva.<\/p>\n\n\n\n<figure class=\"wp-block-gallery has-nested-images columns-default is-cropped wp-block-gallery-1 is-layout-flex wp-block-gallery-is-layout-flex\">\n<figure class=\"wp-block-image size-large\"><img loading=\"lazy\" decoding=\"async\" width=\"683\" height=\"1024\" data-id=\"574\" src=\"https:\/\/2-7teatro.com\/wp-content\/uploads\/2024\/04\/WhatsApp-Image-2023-04-16-at-9.36.34-PM-1-683x1024.jpeg\" alt=\"\" class=\"wp-image-574\" srcset=\"https:\/\/2-7teatro.com\/wp-content\/uploads\/2024\/04\/WhatsApp-Image-2023-04-16-at-9.36.34-PM-1-683x1024.jpeg 683w, https:\/\/2-7teatro.com\/wp-content\/uploads\/2024\/04\/WhatsApp-Image-2023-04-16-at-9.36.34-PM-1-200x300.jpeg 200w, https:\/\/2-7teatro.com\/wp-content\/uploads\/2024\/04\/WhatsApp-Image-2023-04-16-at-9.36.34-PM-1-768x1152.jpeg 768w, https:\/\/2-7teatro.com\/wp-content\/uploads\/2024\/04\/WhatsApp-Image-2023-04-16-at-9.36.34-PM-1-1024x1536.jpeg 1024w, https:\/\/2-7teatro.com\/wp-content\/uploads\/2024\/04\/WhatsApp-Image-2023-04-16-at-9.36.34-PM-1.jpeg 1067w\" sizes=\"auto, (max-width: 683px) 100vw, 683px\" \/><\/figure>\n\n\n\n<figure class=\"wp-block-image size-large\"><img loading=\"lazy\" decoding=\"async\" width=\"683\" height=\"1024\" data-id=\"581\" src=\"https:\/\/2-7teatro.com\/wp-content\/uploads\/2024\/04\/DSC07000-683x1024.jpg\" alt=\"\" class=\"wp-image-581\" srcset=\"https:\/\/2-7teatro.com\/wp-content\/uploads\/2024\/04\/DSC07000-683x1024.jpg 683w, https:\/\/2-7teatro.com\/wp-content\/uploads\/2024\/04\/DSC07000-200x300.jpg 200w, https:\/\/2-7teatro.com\/wp-content\/uploads\/2024\/04\/DSC07000-768x1152.jpg 768w, https:\/\/2-7teatro.com\/wp-content\/uploads\/2024\/04\/DSC07000-1024x1536.jpg 1024w, https:\/\/2-7teatro.com\/wp-content\/uploads\/2024\/04\/DSC07000-1365x2048.jpg 1365w, https:\/\/2-7teatro.com\/wp-content\/uploads\/2024\/04\/DSC07000-scaled.jpg 1707w\" sizes=\"auto, (max-width: 683px) 100vw, 683px\" \/><\/figure>\n\n\n\n<figure class=\"wp-block-image size-large\"><img loading=\"lazy\" decoding=\"async\" width=\"671\" height=\"1024\" data-id=\"568\" src=\"https:\/\/2-7teatro.com\/wp-content\/uploads\/2024\/04\/DSC06850-671x1024.jpg\" alt=\"\" class=\"wp-image-568\" srcset=\"https:\/\/2-7teatro.com\/wp-content\/uploads\/2024\/04\/DSC06850-671x1024.jpg 671w, https:\/\/2-7teatro.com\/wp-content\/uploads\/2024\/04\/DSC06850-197x300.jpg 197w, https:\/\/2-7teatro.com\/wp-content\/uploads\/2024\/04\/DSC06850-768x1171.jpg 768w, https:\/\/2-7teatro.com\/wp-content\/uploads\/2024\/04\/DSC06850-1007x1536.jpg 1007w, https:\/\/2-7teatro.com\/wp-content\/uploads\/2024\/04\/DSC06850-1343x2048.jpg 1343w, https:\/\/2-7teatro.com\/wp-content\/uploads\/2024\/04\/DSC06850-scaled.jpg 1678w\" sizes=\"auto, (max-width: 671px) 100vw, 671px\" \/><\/figure>\n<\/figure>\n\n\n\n<p class=\"has-black-color has-blush-light-purple-gradient-background has-text-color has-background has-link-color wp-elements-dd87ea2f079fbd34d82ee4f650679cf2\">Esta obra fue producida por el Instituto Zacatecano de Cultura &#8220;Ram\u00f3n L\u00f3pez Velarde al ser ganadora de la Convocatoria Producciones del Festival Cultural Zacatecas 2023 y fue estrenada en el marco de este importante festival. De igual forma, fue seleccionada para participar en la Muestra Estatal de Teatro Zacatecas 2023 y el Circuito Nacional de Artes Esc\u00e9nicas: Teatro y Espacios Independientes 2023 present\u00e1ndose en Aguascalientes, Nayarit y San Luis Potos\u00ed.<\/p>\n\n\n\n<figure class=\"wp-block-image\"><img loading=\"lazy\" decoding=\"async\" width=\"1024\" height=\"683\" src=\"https:\/\/2-7teatro.com\/wp-content\/uploads\/2024\/04\/339735694_6126341440820203_7768566773588685272_n-1024x683.jpg\" alt=\"\" class=\"wp-image-573\" srcset=\"https:\/\/2-7teatro.com\/wp-content\/uploads\/2024\/04\/339735694_6126341440820203_7768566773588685272_n-1024x683.jpg 1024w, https:\/\/2-7teatro.com\/wp-content\/uploads\/2024\/04\/339735694_6126341440820203_7768566773588685272_n-300x200.jpg 300w, https:\/\/2-7teatro.com\/wp-content\/uploads\/2024\/04\/339735694_6126341440820203_7768566773588685272_n-768x512.jpg 768w, https:\/\/2-7teatro.com\/wp-content\/uploads\/2024\/04\/339735694_6126341440820203_7768566773588685272_n-1536x1024.jpg 1536w, https:\/\/2-7teatro.com\/wp-content\/uploads\/2024\/04\/339735694_6126341440820203_7768566773588685272_n.jpg 2048w\" sizes=\"auto, (max-width: 1024px) 100vw, 1024px\" \/><\/figure>\n\n\n\n<p class=\"has-white-color has-text-color has-link-color wp-elements-c645e628e62f8fbab9d9726851472d16\"><\/p>\n\n\n\n<div data-wp-interactive=\"core\/file\" class=\"wp-block-file\"><object data-wp-bind--hidden=\"!state.hasPdfPreview\" hidden class=\"wp-block-file__embed\" data=\"https:\/\/2-7teatro.com\/wp-content\/uploads\/2024\/07\/Dossier_Andar-con-los-pies-sueltos_27-Teatro.pdf\" type=\"application\/pdf\" style=\"width:100%;height:600px\" aria-label=\"Incrustado de Dossier_Andar-con-los-pies-sueltos_27-Teatro.\"><\/object><a id=\"wp-block-file--media-14ef3df8-c335-4b22-9ccf-7ffa999e04e9\" href=\"https:\/\/2-7teatro.com\/wp-content\/uploads\/2024\/07\/Dossier_Andar-con-los-pies-sueltos_27-Teatro.pdf\">Dossier_Andar-con-los-pies-sueltos_27-Teatro<\/a><a href=\"https:\/\/2-7teatro.com\/wp-content\/uploads\/2024\/07\/Dossier_Andar-con-los-pies-sueltos_27-Teatro.pdf\" class=\"wp-block-file__button wp-element-button\" download aria-describedby=\"wp-block-file--media-14ef3df8-c335-4b22-9ccf-7ffa999e04e9\">Descarga<\/a><\/div>\n\n\n\n<p><\/p>\n\n\n\n<p><\/p>\n<!-- AddThis Advanced Settings generic via filter on the_content -->","protected":false},"excerpt":{"rendered":"<p>De Diana Anaid Vasquez y Selene Silva Sinopsis Andar con los pies sueltos, es un espect\u00e1culo teatral unipersonal e interdisciplinario<\/p>\n<p><a href=\"https:\/\/2-7teatro.com\/index.php\/andar-con-los-pies-sueltos\/\" class=\"more-link\">Continue reading<span class=\"screen-reader-text\">Andar con los pies sueltos<\/span><\/a><\/p>\n<p><!-- AddThis Advanced Settings generic via filter on get_the_excerpt --><\/p>\n","protected":false},"author":2,"featured_media":0,"parent":0,"menu_order":0,"comment_status":"closed","ping_status":"closed","template":"","meta":{"footnotes":""},"class_list":["post-607","page","type-page","status-publish","hentry"],"_links":{"self":[{"href":"https:\/\/2-7teatro.com\/index.php\/wp-json\/wp\/v2\/pages\/607","targetHints":{"allow":["GET"]}}],"collection":[{"href":"https:\/\/2-7teatro.com\/index.php\/wp-json\/wp\/v2\/pages"}],"about":[{"href":"https:\/\/2-7teatro.com\/index.php\/wp-json\/wp\/v2\/types\/page"}],"author":[{"embeddable":true,"href":"https:\/\/2-7teatro.com\/index.php\/wp-json\/wp\/v2\/users\/2"}],"replies":[{"embeddable":true,"href":"https:\/\/2-7teatro.com\/index.php\/wp-json\/wp\/v2\/comments?post=607"}],"version-history":[{"count":17,"href":"https:\/\/2-7teatro.com\/index.php\/wp-json\/wp\/v2\/pages\/607\/revisions"}],"predecessor-version":[{"id":840,"href":"https:\/\/2-7teatro.com\/index.php\/wp-json\/wp\/v2\/pages\/607\/revisions\/840"}],"wp:attachment":[{"href":"https:\/\/2-7teatro.com\/index.php\/wp-json\/wp\/v2\/media?parent=607"}],"curies":[{"name":"wp","href":"https:\/\/api.w.org\/{rel}","templated":true}]}}