{"id":60,"date":"2021-02-20T02:26:18","date_gmt":"2021-02-20T02:26:18","guid":{"rendered":"https:\/\/2-7teatro.com\/?page_id=60"},"modified":"2024-07-10T15:21:39","modified_gmt":"2024-07-10T15:21:39","slug":"contacto","status":"publish","type":"page","link":"https:\/\/2-7teatro.com\/index.php\/contacto\/","title":{"rendered":"Contacto"},"content":{"rendered":"\n<p>Para m\u00e1s informaci\u00f3n escr\u00edbenos a\u00a0<a href=\"mailto:2.7teatro@gmail.com\">2.7teatro@gmail.com<\/a><\/p>\n<!-- AddThis Advanced Settings generic via filter on the_content -->","protected":false},"excerpt":{"rendered":"<p>Para m\u00e1s informaci\u00f3n escr\u00edbenos a\u00a02.7teatro@gmail.com<!-- AddThis Advanced Settings generic via filter on get_the_excerpt --><\/p>\n","protected":false},"author":2,"featured_media":0,"parent":0,"menu_order":0,"comment_status":"closed","ping_status":"closed","template":"","meta":{"footnotes":""},"class_list":["post-60","page","type-page","status-publish","hentry"],"_links":{"self":[{"href":"https:\/\/2-7teatro.com\/index.php\/wp-json\/wp\/v2\/pages\/60","targetHints":{"allow":["GET"]}}],"collection":[{"href":"https:\/\/2-7teatro.com\/index.php\/wp-json\/wp\/v2\/pages"}],"about":[{"href":"https:\/\/2-7teatro.com\/index.php\/wp-json\/wp\/v2\/types\/page"}],"author":[{"embeddable":true,"href":"https:\/\/2-7teatro.com\/index.php\/wp-json\/wp\/v2\/users\/2"}],"replies":[{"embeddable":true,"href":"https:\/\/2-7teatro.com\/index.php\/wp-json\/wp\/v2\/comments?post=60"}],"version-history":[{"count":6,"href":"https:\/\/2-7teatro.com\/index.php\/wp-json\/wp\/v2\/pages\/60\/revisions"}],"predecessor-version":[{"id":856,"href":"https:\/\/2-7teatro.com\/index.php\/wp-json\/wp\/v2\/pages\/60\/revisions\/856"}],"wp:attachment":[{"href":"https:\/\/2-7teatro.com\/index.php\/wp-json\/wp\/v2\/media?parent=60"}],"curies":[{"name":"wp","href":"https:\/\/api.w.org\/{rel}","templated":true}]}}