{"id":465,"date":"2021-02-24T19:12:24","date_gmt":"2021-02-24T19:12:24","guid":{"rendered":"https:\/\/2-7teatro.com\/?page_id=465"},"modified":"2024-04-11T17:46:08","modified_gmt":"2024-04-11T17:46:08","slug":"carlos-alonso-2","status":"publish","type":"page","link":"https:\/\/2-7teatro.com\/index.php\/carlos-alonso-2\/","title":{"rendered":"Carlos Alonso"},"content":{"rendered":"\n<div class=\"wp-block-media-text alignwide is-stacked-on-mobile\" style=\"grid-template-columns:18% auto\"><figure class=\"wp-block-media-text__media\"><img loading=\"lazy\" decoding=\"async\" width=\"802\" height=\"1024\" src=\"https:\/\/2-7teatro.com\/wp-content\/uploads\/2024\/04\/Carlos-802x1024.jpg\" alt=\"\" class=\"wp-image-623 size-full\" srcset=\"https:\/\/2-7teatro.com\/wp-content\/uploads\/2024\/04\/Carlos-802x1024.jpg 802w, https:\/\/2-7teatro.com\/wp-content\/uploads\/2024\/04\/Carlos-235x300.jpg 235w, https:\/\/2-7teatro.com\/wp-content\/uploads\/2024\/04\/Carlos-768x980.jpg 768w, https:\/\/2-7teatro.com\/wp-content\/uploads\/2024\/04\/Carlos-1203x1536.jpg 1203w, https:\/\/2-7teatro.com\/wp-content\/uploads\/2024\/04\/Carlos.jpg 1504w\" sizes=\"auto, (max-width: 802px) 100vw, 802px\" \/><\/figure><div class=\"wp-block-media-text__content\">\n<p class=\"has-white-color has-text-color has-link-color wp-elements-6f4ae604424e8aef2cabf0f423d73882\">Egresado de la Licenciatura en Artes Esc\u00e9nicas &#8211; Teatro por la Universidad Aut\u00f3noma de Zacatecas. Tiene una formaci\u00f3n multidisciplinaria en diferentes disciplinas danc\u00edsticas y teatrales. Ha participado en diversos festivales nacionales e internacionales colaborando con agrupaciones como 2\/7 Teatro, Vocumeri Jazz, Foro Diez, Mezquite Teatro colectivo, La Ci\u00e9nega Teatro, El escarabajo teatro alternativo, entre otros.<\/p>\n\n\n\n<p class=\"has-white-color has-text-color has-link-color wp-elements-c2995284870ea027f359448497cb7c04\">Como integrante del Ballet Folcl\u00f3rico Gustavo Vaquera Contreras ha realizado giras en diversos paises europeos como Espa\u00f1a, Francia e Italia.<\/p>\n\n\n\n<p class=\"has-white-color has-text-color has-link-color wp-elements-b88f4e4e96681da6a098abef4b03a143\">Ha complementado su formaci\u00f3n con diversos diplomados como:<\/p>\n\n\n\n<ul class=\"wp-block-list\">\n<li>Diplomado en &#8220;La sabidur\u00eda de la voz y la palabra disiente&#8221; por el CEUVoz (2021)<\/li>\n<\/ul>\n\n\n\n<ul class=\"wp-block-list\">\n<li>Diplomado de Actualizaci\u00f3n Profesional en Direcci\u00f3n de Escena del INBAL<\/li>\n<\/ul>\n\n\n\n<p class=\"has-white-color has-text-color has-link-color wp-elements-fde56b1b579cf7821d8354bebc709a11\">Ha recibido diferentes premios y est\u00edmulos entre los que destacan:<\/p>\n\n\n\n<ul class=\"wp-block-list\">\n<li>PECDAZ (2021)<\/li>\n<\/ul>\n\n\n\n<ul class=\"wp-block-list\">\n<li>Primer premio en la Muestra Estatal de Teatro Zacatecas (2018)<\/li>\n<\/ul>\n<\/div><\/div>\n\n\n\n<p><\/p>\n<!-- AddThis Advanced Settings generic via filter on the_content -->","protected":false},"excerpt":{"rendered":"<p><!-- AddThis Advanced Settings generic via filter on get_the_excerpt --><\/p>\n","protected":false},"author":2,"featured_media":0,"parent":0,"menu_order":0,"comment_status":"closed","ping_status":"closed","template":"","meta":{"footnotes":""},"class_list":["post-465","page","type-page","status-publish","hentry"],"_links":{"self":[{"href":"https:\/\/2-7teatro.com\/index.php\/wp-json\/wp\/v2\/pages\/465","targetHints":{"allow":["GET"]}}],"collection":[{"href":"https:\/\/2-7teatro.com\/index.php\/wp-json\/wp\/v2\/pages"}],"about":[{"href":"https:\/\/2-7teatro.com\/index.php\/wp-json\/wp\/v2\/types\/page"}],"author":[{"embeddable":true,"href":"https:\/\/2-7teatro.com\/index.php\/wp-json\/wp\/v2\/users\/2"}],"replies":[{"embeddable":true,"href":"https:\/\/2-7teatro.com\/index.php\/wp-json\/wp\/v2\/comments?post=465"}],"version-history":[{"count":6,"href":"https:\/\/2-7teatro.com\/index.php\/wp-json\/wp\/v2\/pages\/465\/revisions"}],"predecessor-version":[{"id":637,"href":"https:\/\/2-7teatro.com\/index.php\/wp-json\/wp\/v2\/pages\/465\/revisions\/637"}],"wp:attachment":[{"href":"https:\/\/2-7teatro.com\/index.php\/wp-json\/wp\/v2\/media?parent=465"}],"curies":[{"name":"wp","href":"https:\/\/api.w.org\/{rel}","templated":true}]}}