{"id":32,"date":"2021-02-20T01:53:51","date_gmt":"2021-02-20T01:53:51","guid":{"rendered":"https:\/\/2-7teatro.com\/?page_id=32"},"modified":"2024-07-03T14:37:13","modified_gmt":"2024-07-03T14:37:13","slug":"conocenos","status":"publish","type":"page","link":"https:\/\/2-7teatro.com\/index.php\/conocenos\/","title":{"rendered":"Con\u00f3cenos"},"content":{"rendered":"\n<h2 class=\"wp-block-heading has-text-align-center has-white-color has-text-color has-link-color wp-elements-280a64476f704eb53449b0b1a5cf7484\">2\/7 TEATRO<\/h2>\n\n\n\n<p class=\"has-white-color has-text-color\">Somos una agrupaci\u00f3n originaria de Zacatecas, integrada por profesionales de la danza, el teatro y la m\u00fasica. Nuestra actividad art\u00edstica comenz\u00f3 en 2017, con la creaci\u00f3n de proyectos&nbsp;esc\u00e9nicos multidisciplinarios e interdisciplinarios que emplean como lenguaje principal el teatro f\u00edsico.<\/p>\n\n\n\n<p class=\"has-white-color has-text-color\">En 2021, dos de nuestras fundadoras fueron galardonadas con el Premio Estatal de la Juventud en las categor\u00edas de Teatro y Responsabilidad Social.<\/p>\n\n\n\n<p class=\"has-white-color has-text-color has-link-color wp-elements-2f5db8cc8b89c12c96008ac0d0596d14\">La obra de teatro f\u00edsico: EPIEIKEIA (2017) marc\u00f3 el inicio de su carrera siendo reconocida con diferentes premios y est\u00edmulos como el Circuito Nacional de Artes Esc\u00e9nicas (2022), M\u00e9xico: Encuentro de las Artes Esc\u00e9nicas (2020), y Primer Premio de la Muestra Estatal de Teatro Zacatecas (2018), participando tambi\u00e9n en importantes festivales como el Festival Cultural ENTIJUANARTE (2018), el Festival Cultural Zacatecas (2021) y el Festival Internacional de Teatro de Calle Zacatecas (2017).<\/p>\n\n\n\n<p class=\"has-white-color has-text-color\">Su m\u00e1s reciente montaje &#8220;Andar con los pies sueltos&#8221; fue producido por la convocatoria del Festival Cultural Zacatecas 2023, y en ese mismo a\u00f1o recibi\u00f3 el respaldo del Encuentro Nacional de Artes Esc\u00e9nicas y el Circuito Nacional de Artes Esc\u00e9nicas y Espacios Independientes.<\/p>\n\n\n\n<p class=\"has-white-color has-text-color\"><\/p>\n\n\n\n<p><\/p>\n\n\n\n<h2 class=\"wp-block-heading has-white-color has-text-color\">NUESTRO OBJETIVO <\/h2>\n\n\n\n<p class=\"has-white-color has-text-color\">Contribuir al desarrollo cultural en M\u00e9xico a trav\u00e9s de proyectos multidisciplinarios que tengan como base al teatro f\u00edsico y cuyo contenido propicie la reflexi\u00f3n en torno a temas como la equidad de g\u00e9nero y la diversidad. Adem\u00e1s, buscamos fomentar el desarrollo art\u00edstico de ni\u00f1as, ni\u00f1os y j\u00f3venes mediante talleres especializados en m\u00fasica, producci\u00f3n musical y teatro.<\/p>\n\n\n\n<p class=\"has-white-color has-text-color has-link-color has-large-font-size wp-elements-38d4b8d730ebaa79cbf636424e272b34\"><\/p>\n\n\n\n<h2 class=\"wp-block-heading\">NUESTROS INTEGRANTES<\/h2>\n\n\n\n<div class=\"wp-block-group alignwide is-vertical is-content-justification-center is-layout-flex wp-container-core-group-is-layout-dae89687 wp-block-group-is-layout-flex\">\n<div class=\"wp-block-group is-vertical is-content-justification-center is-layout-flex wp-container-core-group-is-layout-4b2eccd6 wp-block-group-is-layout-flex\"><\/div>\n<\/div>\n\n\n\n<p class=\"has-black-color has-text-color has-link-color wp-elements-fb5a2e41bfc71503e3090be22272f1d4\">ifuhwarfuhaskjcnasdkjfva\u00f1osvjakdjcvnadkjvnakjvbaksdjvnaskjcnnnnnnnnnnnnnnnnnnnnnnnnnnnnnnnnnnnnnnnnnnnnnnnnnnnnnnnnnnnnnnnnnnnnnnnnnnnnnnnnnnnn<\/p>\n\n\n\n<div class=\"wp-block-media-text has-media-on-the-right is-stacked-on-mobile is-vertically-aligned-center\"><div class=\"wp-block-media-text__content\">\n<p class=\"has-text-align-center has-white-color has-text-color has-link-color has-large-font-size wp-elements-31ac99046935fd824d9e64ce060c7a16\"><a href=\"https:\/\/2-7teatro.com\/index.php\/selene-silva\/\" data-type=\"page\" data-id=\"199\">Selene Silva Directora y actriz<\/a><\/p>\n\n\n\n<p class=\"has-white-color has-text-color has-link-color wp-elements-c645e628e62f8fbab9d9726851472d16\"><\/p>\n\n\n\n<p><\/p>\n<\/div><figure class=\"wp-block-media-text__media\"><a href=\"https:\/\/2-7teatro.com\/index.php\/selene-silva\/\"><img loading=\"lazy\" decoding=\"async\" width=\"683\" height=\"1024\" src=\"https:\/\/2-7teatro.com\/wp-content\/uploads\/2024\/04\/IMG_6547-683x1024.jpg\" alt=\"\" class=\"wp-image-620 size-full\" srcset=\"https:\/\/2-7teatro.com\/wp-content\/uploads\/2024\/04\/IMG_6547-683x1024.jpg 683w, https:\/\/2-7teatro.com\/wp-content\/uploads\/2024\/04\/IMG_6547-200x300.jpg 200w, https:\/\/2-7teatro.com\/wp-content\/uploads\/2024\/04\/IMG_6547-768x1152.jpg 768w, https:\/\/2-7teatro.com\/wp-content\/uploads\/2024\/04\/IMG_6547-1024x1536.jpg 1024w, https:\/\/2-7teatro.com\/wp-content\/uploads\/2024\/04\/IMG_6547-1365x2048.jpg 1365w, https:\/\/2-7teatro.com\/wp-content\/uploads\/2024\/04\/IMG_6547-scaled.jpg 1707w\" sizes=\"auto, (max-width: 683px) 100vw, 683px\" \/><\/a><\/figure><\/div>\n\n\n\n<p class=\"has-black-color has-text-color has-link-color wp-elements-356f60b376ba226b608f8d0858bd05db\">nnnnnnnnnnnnnnnnnn<\/p>\n\n\n\n<div class=\"wp-block-group is-vertical is-content-justification-center is-layout-flex wp-container-core-group-is-layout-4b2eccd6 wp-block-group-is-layout-flex\">\n<div class=\"wp-block-group is-vertical is-layout-flex wp-container-core-group-is-layout-8cf370e7 wp-block-group-is-layout-flex\">\n<p class=\"has-black-color has-text-color has-link-color has-normal-font-size wp-elements-2d33e332786ee7479ec5b296a861ce52\">ifuhwarfuhaskjcnasdkjfva\u00f1osvjakdjcvnadkjvnakjvbaksdjvnaskjcnnnnnnnnnnnnnnnnnnnnnnnnnnnnnnnnnnnnnnnnnnnnnnnnnnnnnnnnnnnnnnnnnnnnnnnnnnnnnnnnnnnnnnnnnnnnnnnnnnnnnnnnn<\/p>\n<\/div>\n<\/div>\n\n\n\n<div class=\"wp-block-group is-vertical is-content-justification-center is-layout-flex wp-container-core-group-is-layout-4b2eccd6 wp-block-group-is-layout-flex\">\n<div class=\"wp-block-group is-vertical is-content-justification-center is-layout-flex wp-container-core-group-is-layout-4b2eccd6 wp-block-group-is-layout-flex\">\n<div class=\"wp-block-media-text has-media-on-the-right is-stacked-on-mobile is-vertically-aligned-center\"><div class=\"wp-block-media-text__content\">\n<p class=\"has-text-align-center has-white-color has-text-color has-link-color has-large-font-size wp-elements-2ec9cba47ede2f18266dd942c2a5a1ba\"><a href=\"https:\/\/2-7teatro.com\/index.php\/cristina-silva\/\" data-type=\"page\" data-id=\"201\">Cristina Silva Productora y musicalizadora<\/a><\/p>\n\n\n\n<p class=\"has-white-color has-text-color has-link-color wp-elements-c645e628e62f8fbab9d9726851472d16\"><\/p>\n\n\n\n<p><\/p>\n<\/div><figure class=\"wp-block-media-text__media\"><a href=\"https:\/\/2-7teatro.com\/index.php\/carlos-alonso-2\/\"><img loading=\"lazy\" decoding=\"async\" width=\"683\" height=\"1024\" src=\"https:\/\/2-7teatro.com\/wp-content\/uploads\/2024\/04\/IMG_6560-683x1024.jpg\" alt=\"\" class=\"wp-image-621 size-full\" srcset=\"https:\/\/2-7teatro.com\/wp-content\/uploads\/2024\/04\/IMG_6560-683x1024.jpg 683w, https:\/\/2-7teatro.com\/wp-content\/uploads\/2024\/04\/IMG_6560-200x300.jpg 200w, https:\/\/2-7teatro.com\/wp-content\/uploads\/2024\/04\/IMG_6560-768x1152.jpg 768w, https:\/\/2-7teatro.com\/wp-content\/uploads\/2024\/04\/IMG_6560-1024x1536.jpg 1024w, https:\/\/2-7teatro.com\/wp-content\/uploads\/2024\/04\/IMG_6560-1365x2048.jpg 1365w, https:\/\/2-7teatro.com\/wp-content\/uploads\/2024\/04\/IMG_6560-scaled.jpg 1707w\" sizes=\"auto, (max-width: 683px) 100vw, 683px\" \/><\/a><\/figure><\/div>\n<\/div>\n<\/div>\n\n\n\n<p class=\"has-black-color has-text-color has-link-color wp-elements-9cbd0d1fb2a9aba38da1947dfd4e8371\">ifuhwarfuhaskjcnasdkjfva\u00f1osvjakdjcvnadkjvnakjvbaksdjvnaskjcnnnnnnnnnnnnnnnnnnnnnnnnnnnnnnnnnnnnnnnnnnnnnnnnnnnnnnnnnnnnnnnnnnnnnnnnnnnnnnnnnnnnnnnnnnnnnnnnnnnnnnnnn<\/p>\n\n\n\n<div class=\"wp-block-group is-vertical is-content-justification-center is-layout-flex wp-container-core-group-is-layout-4b2eccd6 wp-block-group-is-layout-flex\"><\/div>\n\n\n\n<div class=\"wp-block-media-text has-media-on-the-right is-stacked-on-mobile is-vertically-aligned-center\"><div class=\"wp-block-media-text__content\">\n<p class=\"has-text-align-center has-white-color has-text-color has-link-color has-large-font-size wp-elements-fa3c6f6d62b56973c18c130b8666cadf\"><a href=\"https:\/\/2-7teatro.com\/index.php\/carlos-alonso-2\/\" data-type=\"page\" data-id=\"465\">Carlos Alonso<\/a>     <a href=\"https:\/\/2-7teatro.com\/index.php\/carlos-alonso-2\/\" data-type=\"page\" data-id=\"465\">Co-director y actor<\/a><\/p>\n\n\n\n<p class=\"has-white-color has-text-color has-link-color wp-elements-c645e628e62f8fbab9d9726851472d16\"><\/p>\n\n\n\n<p><\/p>\n<\/div><figure class=\"wp-block-media-text__media\"><a href=\"https:\/\/2-7teatro.com\/index.php\/carlos-alonso-2\/\"><img loading=\"lazy\" decoding=\"async\" width=\"802\" height=\"1024\" src=\"https:\/\/2-7teatro.com\/wp-content\/uploads\/2024\/04\/Carlos-802x1024.jpg\" alt=\"\" class=\"wp-image-623 size-full\" srcset=\"https:\/\/2-7teatro.com\/wp-content\/uploads\/2024\/04\/Carlos-802x1024.jpg 802w, https:\/\/2-7teatro.com\/wp-content\/uploads\/2024\/04\/Carlos-235x300.jpg 235w, https:\/\/2-7teatro.com\/wp-content\/uploads\/2024\/04\/Carlos-768x980.jpg 768w, https:\/\/2-7teatro.com\/wp-content\/uploads\/2024\/04\/Carlos-1203x1536.jpg 1203w, https:\/\/2-7teatro.com\/wp-content\/uploads\/2024\/04\/Carlos.jpg 1504w\" sizes=\"auto, (max-width: 802px) 100vw, 802px\" \/><\/a><\/figure><\/div>\n\n\n\n<div class=\"wp-block-group is-vertical is-content-justification-center is-layout-flex wp-container-core-group-is-layout-4b2eccd6 wp-block-group-is-layout-flex\"><\/div>\n\n\n\n<p><\/p>\n\n\n\n<div class=\"wp-block-group is-vertical is-content-justification-center is-layout-flex wp-container-core-group-is-layout-4b2eccd6 wp-block-group-is-layout-flex\">\n<div class=\"wp-block-media-text has-media-on-the-right is-stacked-on-mobile is-vertically-aligned-center\"><div class=\"wp-block-media-text__content\">\n<p class=\"has-text-align-center has-white-color has-text-color has-link-color has-large-font-size wp-elements-ba5592114b5ccb8abc3463049d6faa31\"><a href=\"https:\/\/2-7teatro.com\/index.php\/marissa-valenciana\/\" data-type=\"page\" data-id=\"805\">Marissa Valenciana  T\u00e9cnico de iluminaci\u00f3n<\/a><\/p>\n\n\n\n<p><\/p>\n\n\n\n<p><\/p>\n<\/div><figure class=\"wp-block-media-text__media\"><a href=\"https:\/\/2-7teatro.com\/index.php\/marissa-valenciana\/\"><img loading=\"lazy\" decoding=\"async\" width=\"683\" height=\"1024\" src=\"https:\/\/2-7teatro.com\/wp-content\/uploads\/2024\/04\/IMG_6540-683x1024.jpg\" alt=\"\" class=\"wp-image-638 size-full\" srcset=\"https:\/\/2-7teatro.com\/wp-content\/uploads\/2024\/04\/IMG_6540-683x1024.jpg 683w, https:\/\/2-7teatro.com\/wp-content\/uploads\/2024\/04\/IMG_6540-200x300.jpg 200w, https:\/\/2-7teatro.com\/wp-content\/uploads\/2024\/04\/IMG_6540-768x1152.jpg 768w, https:\/\/2-7teatro.com\/wp-content\/uploads\/2024\/04\/IMG_6540-1024x1536.jpg 1024w, https:\/\/2-7teatro.com\/wp-content\/uploads\/2024\/04\/IMG_6540-1365x2048.jpg 1365w, https:\/\/2-7teatro.com\/wp-content\/uploads\/2024\/04\/IMG_6540-scaled.jpg 1707w\" sizes=\"auto, (max-width: 683px) 100vw, 683px\" \/><\/a><\/figure><\/div>\n<\/div>\n\n\n\n<p><\/p>\n<!-- AddThis Advanced Settings generic via filter on the_content -->","protected":false},"excerpt":{"rendered":"<p>2\/7 TEATRO Somos una agrupaci\u00f3n originaria de Zacatecas, integrada por profesionales de la danza, el teatro y la m\u00fasica. Nuestra<\/p>\n<p><a href=\"https:\/\/2-7teatro.com\/index.php\/conocenos\/\" class=\"more-link\">Continue reading<span class=\"screen-reader-text\">Con\u00f3cenos<\/span><\/a><\/p>\n<p><!-- AddThis Advanced Settings generic via filter on get_the_excerpt --><\/p>\n","protected":false},"author":2,"featured_media":0,"parent":0,"menu_order":0,"comment_status":"closed","ping_status":"closed","template":"","meta":{"footnotes":""},"class_list":["post-32","page","type-page","status-publish","hentry"],"_links":{"self":[{"href":"https:\/\/2-7teatro.com\/index.php\/wp-json\/wp\/v2\/pages\/32","targetHints":{"allow":["GET"]}}],"collection":[{"href":"https:\/\/2-7teatro.com\/index.php\/wp-json\/wp\/v2\/pages"}],"about":[{"href":"https:\/\/2-7teatro.com\/index.php\/wp-json\/wp\/v2\/types\/page"}],"author":[{"embeddable":true,"href":"https:\/\/2-7teatro.com\/index.php\/wp-json\/wp\/v2\/users\/2"}],"replies":[{"embeddable":true,"href":"https:\/\/2-7teatro.com\/index.php\/wp-json\/wp\/v2\/comments?post=32"}],"version-history":[{"count":114,"href":"https:\/\/2-7teatro.com\/index.php\/wp-json\/wp\/v2\/pages\/32\/revisions"}],"predecessor-version":[{"id":844,"href":"https:\/\/2-7teatro.com\/index.php\/wp-json\/wp\/v2\/pages\/32\/revisions\/844"}],"wp:attachment":[{"href":"https:\/\/2-7teatro.com\/index.php\/wp-json\/wp\/v2\/media?parent=32"}],"curies":[{"name":"wp","href":"https:\/\/api.w.org\/{rel}","templated":true}]}}